{"id":7296,"date":"2020-07-01T14:48:47","date_gmt":"2020-07-01T12:48:47","guid":{"rendered":"https:\/\/catalog.duglass.com\/catalogue-de-couches-pour-larchitecture\/hautes-performances-faible-emissivite-ariplak-low-e\/"},"modified":"2020-10-15T11:29:42","modified_gmt":"2020-10-15T09:29:42","slug":"hautes-performances-faible-emissivite-ariplak-low-e","status":"publish","type":"page","link":"https:\/\/catalog.duglass.com\/fr\/catalogue-de-couches-pour-larchitecture\/hautes-performances-faible-emissivite-ariplak-low-e\/","title":{"rendered":"Hautes performances faible emissivit\u00e9 \u2013 ARIPLAK LOW-E"},"content":{"rendered":"\n<style type=\"text\/css\" data-created_by=\"avia_inline_auto\" id=\"style-css-av-k7lsy8uw-0219e314b86139c594085d2e3c53bfe0\">\n.avia-section.av-k7lsy8uw-0219e314b86139c594085d2e3c53bfe0{\nbackground-repeat:no-repeat;\nbackground-image:url(https:\/\/catalog.duglass.com\/wp-content\/uploads\/2020\/05\/header_arquitectura-2.jpg);\nbackground-position:50% 0%;\nbackground-attachment:scroll;\n}\n<\/style>\n<div id='av_section_1'  class='avia-section av-k7lsy8uw-0219e314b86139c594085d2e3c53bfe0 main_color avia-section-default avia-no-border-styling  avia-builder-el-0  el_before_av_section  avia-builder-el-first  avia-bg-style-scroll av-minimum-height av-minimum-height-custom av-height-custom  container_wrap fullsize'  data-section-bg-repeat='no-repeat' data-av_minimum_height_px='600'><div class='container av-section-cont-open' style='height:600px'><main  role=\"main\" itemprop=\"mainContentOfPage\"  class='template-page content  av-content-full alpha units'><div class='post-entry post-entry-type-page post-entry-7296'><div class='entry-content-wrapper clearfix'>\n\n<style type=\"text\/css\" data-created_by=\"avia_inline_auto\" id=\"style-css-av-kbt09ioa-fb3928705492a71fd3693be51fe5fe21\">\n#top .av-special-heading.av-kbt09ioa-fb3928705492a71fd3693be51fe5fe21{\npadding-bottom:10px;\n}\nbody .av-special-heading.av-kbt09ioa-fb3928705492a71fd3693be51fe5fe21 .av-special-heading-tag .heading-char{\nfont-size:25px;\n}\n.av-special-heading.av-kbt09ioa-fb3928705492a71fd3693be51fe5fe21 .av-subheading{\nfont-size:15px;\n}\n<\/style>\n<div  class='av-special-heading av-kbt09ioa-fb3928705492a71fd3693be51fe5fe21 av-special-heading-h1 blockquote modern-quote  avia-builder-el-1  avia-builder-el-no-sibling  h1-category'><h1 class='av-special-heading-tag '  itemprop=\"headline\"  >Hautes performances faible emissivit\u00e9<br \/>\nAriplak<sup>\u00ae<\/sup> LOW-E<\/h1><div class=\"special-heading-border\"><div class=\"special-heading-inner-border\"><\/div><\/div><\/div>\n\n<\/div><\/div><\/main><!-- close content main element --><\/div><\/div>\n<style type=\"text\/css\" data-created_by=\"avia_inline_auto\" id=\"style-css-av-k7lt6fwn-9cc172ca75cb03eb7d88f336b62cef02\">\n.avia-section.av-k7lt6fwn-9cc172ca75cb03eb7d88f336b62cef02{\nbackground-color:#ffffff;\nbackground-image:unset;\n}\n<\/style>\n<div id='av_section_2'  class='avia-section av-k7lt6fwn-9cc172ca75cb03eb7d88f336b62cef02 main_color avia-section-default avia-no-border-styling  avia-builder-el-2  el_after_av_section  el_before_av_section  solutions avia-bg-style-scroll container_wrap fullsize'  ><div class='container av-section-cont-open' ><div class='template-page content  av-content-full alpha units'><div class='post-entry post-entry-type-page post-entry-7296'><div class='entry-content-wrapper clearfix'>\n\n<style type=\"text\/css\" data-created_by=\"avia_inline_auto\" id=\"style-css-av-103z-9a1f04904e27d7d425203a41f312ffa5\">\n.flex_column.av-103z-9a1f04904e27d7d425203a41f312ffa5{\nborder-radius:0px 0px 0px 0px;\npadding:0px 0px 30px 0px;\n}\n<\/style>\n<div  class='flex_column av-103z-9a1f04904e27d7d425203a41f312ffa5 av_one_full  avia-builder-el-3  el_before_av_one_third  avia-builder-el-first  first flex_column_div av-animated-generic fade-in  '     ><p>\n<style type=\"text\/css\" data-created_by=\"avia_inline_auto\" id=\"style-css-av-av_heading-05899e32d575f5332c840808c1c9b5d3\">\n#top .av-special-heading.av-av_heading-05899e32d575f5332c840808c1c9b5d3{\npadding-bottom:20px;\n}\nbody .av-special-heading.av-av_heading-05899e32d575f5332c840808c1c9b5d3 .av-special-heading-tag .heading-char{\nfont-size:25px;\n}\n.av-special-heading.av-av_heading-05899e32d575f5332c840808c1c9b5d3 .av-subheading{\nfont-size:15px;\n}\n<\/style>\n<div  class='av-special-heading av-av_heading-05899e32d575f5332c840808c1c9b5d3 av-special-heading-h2 blockquote modern-quote modern-centered  avia-builder-el-4  el_before_av_textblock  avia-builder-el-first '><h2 class='av-special-heading-tag '  itemprop=\"headline\"  >HAUTES PERFORMANCES FAIBLE EMISSIVITE &#8211; ARIPLAK<sup>\u00ae<\/sup> LOW-E<\/h2><div class=\"special-heading-border\"><div class=\"special-heading-inner-border\"><\/div><\/div><\/div><br \/>\n<section  class='av_textblock_section av-k7pyu9zh-484978fddc67349db7c5a5b8d88c0ea8 '   itemscope=\"itemscope\" itemtype=\"https:\/\/schema.org\/CreativeWork\" ><div class='avia_textblock'  itemprop=\"text\" ><p style=\"text-align: center;\">Ariplak Low-E est la gamme de verres \u00e0 faible \u00e9missivit\u00e9 d\u2019Ari\u00f1o Duglass. Les rev\u00eatements \u00e0 faible \u00e9missivit\u00e9 sont neutres et transparents et apportent une isolation thermique renforc\u00e9e avec une grande exploitation de l\u2019\u00e9nergie solaire. Les verres Ariplak Low-E se composent de fines couches d\u2019argent et d\u2019oxydes m\u00e9talliques d\u00e9pos\u00e9es sur la surface du verre. Ils doivent toujours \u00eatre install\u00e9s dans des configurations de verre isolant, avec le rev\u00eatement plac\u00e9 \u00e0 l\u2019int\u00e9rieur de la chambre.<\/p>\n<\/div><\/section><\/p><\/div><div class='flex_column_table av-29wub-8e77e6cb1bb62f9904177e0e17bcbbff sc-av_one_third av-equal-height-column-flextable'>\n<style type=\"text\/css\" data-created_by=\"avia_inline_auto\" id=\"style-css-av-29wub-8e77e6cb1bb62f9904177e0e17bcbbff\">\n.flex_column.av-29wub-8e77e6cb1bb62f9904177e0e17bcbbff{\nborder-radius:0px 0px 0px 0px;\npadding:0px 0px 0px 0px;\n}\n<\/style>\n<div  class='flex_column av-29wub-8e77e6cb1bb62f9904177e0e17bcbbff av_one_third  avia-builder-el-6  el_after_av_one_full  el_before_av_one_third  first flex_column_table_cell av-equal-height-column av-align-top av-animated-generic left-to-right av-zero-column-padding  column-top-margin'     ><style type=\"text\/css\" data-created_by=\"avia_inline_auto\" id=\"style-css-av-k7ltcdt8-79e8303178785b55b5d9d9d62528a21d\">\n.avia-image-container.av-k7ltcdt8-79e8303178785b55b5d9d9d62528a21d img.avia_image{\nbox-shadow:none;\n}\n.avia-image-container.av-k7ltcdt8-79e8303178785b55b5d9d9d62528a21d .av-caption-image-overlay-bg{\nopacity:0.4;\nbackground-color:#000000;\n}\n.avia-image-container.av-k7ltcdt8-79e8303178785b55b5d9d9d62528a21d .av-image-caption-overlay-center{\ncolor:#ffffff;\n}\n<\/style>\n<div  class='avia-image-container av-k7ltcdt8-79e8303178785b55b5d9d9d62528a21d av-styling-no-styling av-img-linked avia-align-center  avia-builder-el-7  avia-builder-el-no-sibling  shape-item noHover av-overlay-hover-deactivate'   itemprop=\"image\" itemscope=\"itemscope\" itemtype=\"https:\/\/schema.org\/ImageObject\" ><div class=\"avia-image-container-inner\"><div class=\"avia-image-overlay-wrap\"><a href=\"https:\/\/catalog.duglass.com\/fr\/catalogue-de-couches-pour-larchitecture\/hautes-performances-faible-emissivite-ariplak-low-e\/super-e-1-0\/\" class='avia_image '  aria-label='TA2'><div class=\"av-image-caption-overlay\"><div class=\"av-caption-image-overlay-bg\"><\/div><div class=\"av-image-caption-overlay-position\"><div class=\"av-image-caption-overlay-center\"><h3>SUPER E 1.0<\/h3>\n<p><small>Couleur: Neutre<br \/>\nTransmission Lumineuse: 75%<br \/>\nFacteur Solaire: 48%<\/small><\/p>\n<\/div><\/div><\/div><img decoding=\"async\" fetchpriority=\"high\" class='wp-image-8269 avia-img-lazy-loading-not-8269 avia_image ' src=\"https:\/\/catalog.duglass.com\/wp-content\/uploads\/2020\/08\/TA2-1-845x684.jpg\" alt='' title='TA2'  height=\"684\" width=\"845\"  itemprop=\"thumbnailUrl\" srcset=\"https:\/\/catalog.duglass.com\/wp-content\/uploads\/2020\/08\/TA2-1-845x684.jpg 845w, https:\/\/catalog.duglass.com\/wp-content\/uploads\/2020\/08\/TA2-1-495x400.jpg 495w\" sizes=\"(max-width: 845px) 100vw, 845px\" \/><\/a><\/div><\/div><\/div><\/div><div class='av-flex-placeholder'><\/div>\n<style type=\"text\/css\" data-created_by=\"avia_inline_auto\" id=\"style-css-av-29wub-708bc13bb3e8f35d18e8eea624257407\">\n.flex_column.av-29wub-708bc13bb3e8f35d18e8eea624257407{\nborder-radius:0px 0px 0px 0px;\npadding:0px 0px 0px 0px;\n}\n<\/style>\n<div  class='flex_column av-29wub-708bc13bb3e8f35d18e8eea624257407 av_one_third  avia-builder-el-8  el_after_av_one_third  el_before_av_one_third  flex_column_table_cell av-equal-height-column av-align-top av-animated-generic left-to-right av-zero-column-padding  column-top-margin'     ><style type=\"text\/css\" data-created_by=\"avia_inline_auto\" id=\"style-css-av-k7ltcdt8-6ebcb64a5b5ece2fb6f1e5eb907a8090\">\n.avia-image-container.av-k7ltcdt8-6ebcb64a5b5ece2fb6f1e5eb907a8090 img.avia_image{\nbox-shadow:none;\n}\n.avia-image-container.av-k7ltcdt8-6ebcb64a5b5ece2fb6f1e5eb907a8090 .av-caption-image-overlay-bg{\nopacity:0.4;\nbackground-color:#000000;\n}\n.avia-image-container.av-k7ltcdt8-6ebcb64a5b5ece2fb6f1e5eb907a8090 .av-image-caption-overlay-center{\ncolor:#ffffff;\n}\n<\/style>\n<div  class='avia-image-container av-k7ltcdt8-6ebcb64a5b5ece2fb6f1e5eb907a8090 av-styling-no-styling av-img-linked avia-align-center  avia-builder-el-9  avia-builder-el-no-sibling  shape-item noHover av-overlay-hover-deactivate'   itemprop=\"image\" itemscope=\"itemscope\" itemtype=\"https:\/\/schema.org\/ImageObject\" ><div class=\"avia-image-container-inner\"><div class=\"avia-image-overlay-wrap\"><a href=\"https:\/\/catalog.duglass.com\/fr\/catalogue-de-couches-pour-larchitecture\/hautes-performances-faible-emissivite-ariplak-low-e\/super-e\/\" class='avia_image '  aria-label='FCD'><div class=\"av-image-caption-overlay\"><div class=\"av-caption-image-overlay-bg\"><\/div><div class=\"av-image-caption-overlay-position\"><div class=\"av-image-caption-overlay-center\"><h3>SUPER E<\/h3>\n<p><small>Couleur: Neutre<br \/>\nTransmission Lumineuse: 80%<br \/>\nFacteur Solaire: 60%<\/small><\/p>\n<\/div><\/div><\/div><img decoding=\"async\" fetchpriority=\"high\" class='wp-image-8290 avia-img-lazy-loading-not-8290 avia_image ' src=\"https:\/\/catalog.duglass.com\/wp-content\/uploads\/2020\/08\/FCD-845x684.jpg\" alt='' title='FCD'  height=\"684\" width=\"845\"  itemprop=\"thumbnailUrl\" srcset=\"https:\/\/catalog.duglass.com\/wp-content\/uploads\/2020\/08\/FCD-845x684.jpg 845w, https:\/\/catalog.duglass.com\/wp-content\/uploads\/2020\/08\/FCD-495x400.jpg 495w\" sizes=\"(max-width: 845px) 100vw, 845px\" \/><\/a><\/div><\/div><\/div><\/div><div class='av-flex-placeholder'><\/div>\n<style type=\"text\/css\" data-created_by=\"avia_inline_auto\" id=\"style-css-av-29wub-708bc13bb3e8f35d18e8eea624257407\">\n.flex_column.av-29wub-708bc13bb3e8f35d18e8eea624257407{\nborder-radius:0px 0px 0px 0px;\npadding:0px 0px 0px 0px;\n}\n<\/style>\n<div  class='flex_column av-29wub-708bc13bb3e8f35d18e8eea624257407 av_one_third  avia-builder-el-10  el_after_av_one_third  avia-builder-el-last  flex_column_table_cell av-equal-height-column av-align-top av-animated-generic left-to-right av-zero-column-padding  column-top-margin'     ><style type=\"text\/css\" data-created_by=\"avia_inline_auto\" id=\"style-css-av-k7ltcdt8-b2555e6981e142baa7502b1947da94c4\">\n.avia-image-container.av-k7ltcdt8-b2555e6981e142baa7502b1947da94c4 img.avia_image{\nbox-shadow:none;\n}\n.avia-image-container.av-k7ltcdt8-b2555e6981e142baa7502b1947da94c4 .av-caption-image-overlay-bg{\nopacity:0.4;\nbackground-color:#000000;\n}\n.avia-image-container.av-k7ltcdt8-b2555e6981e142baa7502b1947da94c4 .av-image-caption-overlay-center{\ncolor:#ffffff;\n}\n<\/style>\n<div  class='avia-image-container av-k7ltcdt8-b2555e6981e142baa7502b1947da94c4 av-styling-no-styling av-img-linked avia-align-center  avia-builder-el-11  avia-builder-el-no-sibling  shape-item noHover av-overlay-hover-deactivate'   itemprop=\"image\" itemscope=\"itemscope\" itemtype=\"https:\/\/schema.org\/ImageObject\" ><div class=\"avia-image-container-inner\"><div class=\"avia-image-overlay-wrap\"><a href=\"https:\/\/catalog.duglass.com\/fr\/catalogue-de-couches-pour-larchitecture\/hautes-performances-faible-emissivite-ariplak-low-e\/super-e-fn\/\" class='avia_image '  aria-label='as'><div class=\"av-image-caption-overlay\"><div class=\"av-caption-image-overlay-bg\"><\/div><div class=\"av-image-caption-overlay-position\"><div class=\"av-image-caption-overlay-center\"><h3>SUPER E FN<\/h3>\n<p><small>Couleur: Neutre<br \/>\nTransmission Lumineuse: 77%<br \/>\nFacteur Solaire: 60%<\/small><\/p>\n<\/div><\/div><\/div><img decoding=\"async\" fetchpriority=\"high\" class='wp-image-8301 avia-img-lazy-loading-not-8301 avia_image ' src=\"https:\/\/catalog.duglass.com\/wp-content\/uploads\/2020\/08\/as-845x684.jpg\" alt='' title='as'  height=\"684\" width=\"845\"  itemprop=\"thumbnailUrl\" srcset=\"https:\/\/catalog.duglass.com\/wp-content\/uploads\/2020\/08\/as-845x684.jpg 845w, https:\/\/catalog.duglass.com\/wp-content\/uploads\/2020\/08\/as-495x400.jpg 495w\" sizes=\"(max-width: 845px) 100vw, 845px\" \/><\/a><\/div><\/div><\/div><\/div><\/div><!--close column table wrapper. Autoclose: 1 --><\/div><\/div><\/div><!-- close content main div --><\/div><\/div>\n<style type=\"text\/css\" data-created_by=\"avia_inline_auto\" id=\"style-css-av-3omo0z-e5e405732b43b08baf87f07da216674d\">\n.avia-section.av-3omo0z-e5e405732b43b08baf87f07da216674d{\nbackground-color:#f1f1f1;\nbackground-image:unset;\n}\n<\/style>\n<div id='av_section_3'  class='avia-section av-3omo0z-e5e405732b43b08baf87f07da216674d main_color avia-section-default avia-no-border-styling  avia-builder-el-12  el_after_av_section  avia-builder-el-last  avia-bg-style-scroll container_wrap fullsize'  ><div class='container av-section-cont-open' ><div class='template-page content  av-content-full alpha units'><div class='post-entry post-entry-type-page post-entry-7296'><div class='entry-content-wrapper clearfix'>\n\n<style type=\"text\/css\" data-created_by=\"avia_inline_auto\" id=\"style-css-av-304grn-bf67ec30409a8fe85bebbc996001ad6e\">\n.flex_column.av-304grn-bf67ec30409a8fe85bebbc996001ad6e{\nborder-radius:0px 0px 0px 0px;\npadding:0px 0px 0px 0px;\n}\n<\/style>\n<div  class='flex_column av-304grn-bf67ec30409a8fe85bebbc996001ad6e av_one_full  avia-builder-el-13  avia-builder-el-no-sibling  first flex_column_div av-zero-column-padding  '     ><p>\n<style type=\"text\/css\" data-created_by=\"avia_inline_auto\" id=\"style-css-av-kbm6smop-0e0fbe1d605140a9115776c8cc9de5ce\">\n#top .av-special-heading.av-kbm6smop-0e0fbe1d605140a9115776c8cc9de5ce{\npadding-bottom:0;\n}\nbody .av-special-heading.av-kbm6smop-0e0fbe1d605140a9115776c8cc9de5ce .av-special-heading-tag .heading-char{\nfont-size:25px;\n}\n.av-special-heading.av-kbm6smop-0e0fbe1d605140a9115776c8cc9de5ce .av-subheading{\nfont-size:15px;\n}\n<\/style>\n<div  class='av-special-heading av-kbm6smop-0e0fbe1d605140a9115776c8cc9de5ce av-special-heading-h4 blockquote modern-quote modern-centered  avia-builder-el-14  el_before_av_partner  avia-builder-el-first '><h4 class='av-special-heading-tag '  itemprop=\"headline\"  >CERTIFICATS INTERNATIONAUX<\/h4><div class=\"special-heading-border\"><div class=\"special-heading-inner-border\"><\/div><\/div><\/div><br \/>\n<div   data-autoplay='true'  data-interval='5'  data-animation='fade'  class='avia-logo-element-container av-border-deactivate avia-logo-slider avia-content-slider avia-smallarrow-slider avia-content-slider-active noHover avia-content-slider1 avia-content-slider-odd  avia-builder-el-15  el_after_av_heading  avia-builder-el-last  ' ><div class='avia-smallarrow-slider-heading  no-logo-slider-heading '><div class='avia-slideshow-arrows avia-slideshow-controls'><a href='#prev' class='prev-slide' aria-hidden='true' data-av_icon='\ue87c' data-av_iconfont='entypo-fontello'>Pr\u00e9c\u00e9dent<\/a><a href='#next' class='next-slide' aria-hidden='true' data-av_icon='\ue87d' data-av_iconfont='entypo-fontello'>Suivant<\/a><\/div><\/div><div class='avia-content-slider-inner'><div class='slide-entry-wrap' ><div  class='slide-entry flex_column no_margin post-entry slide-entry-overview slide-loop-1 slide-parity-odd  av_one_fifth first real-thumbnail'><img loading=\"lazy\" decoding=\"async\" width=\"180\" height=\"180\" src=\"https:\/\/catalog.duglass.com\/wp-content\/uploads\/2020\/04\/logo_uca_home-2-5-180x180.png\" class=\"attachment-square size-square\" alt=\"\" srcset=\"https:\/\/catalog.duglass.com\/wp-content\/uploads\/2020\/04\/logo_uca_home-2-5.png 180w, https:\/\/catalog.duglass.com\/wp-content\/uploads\/2020\/04\/logo_uca_home-2-5-80x80.png 80w, https:\/\/catalog.duglass.com\/wp-content\/uploads\/2020\/04\/logo_uca_home-2-5-36x36.png 36w\" sizes=\"auto, (max-width: 180px) 100vw, 180px\" \/><\/div><div  class='slide-entry flex_column no_margin post-entry slide-entry-overview slide-loop-2 slide-parity-even  av_one_fifth  real-thumbnail'><img loading=\"lazy\" decoding=\"async\" width=\"180\" height=\"180\" src=\"https:\/\/catalog.duglass.com\/wp-content\/uploads\/2020\/04\/fraunhofer_home-3-180x180.png\" class=\"attachment-square size-square\" alt=\"\" srcset=\"https:\/\/catalog.duglass.com\/wp-content\/uploads\/2020\/04\/fraunhofer_home-3.png 180w, https:\/\/catalog.duglass.com\/wp-content\/uploads\/2020\/04\/fraunhofer_home-3-80x80.png 80w, https:\/\/catalog.duglass.com\/wp-content\/uploads\/2020\/04\/fraunhofer_home-3-36x36.png 36w\" sizes=\"auto, (max-width: 180px) 100vw, 180px\" \/><\/div><div  class='slide-entry flex_column no_margin post-entry slide-entry-overview slide-loop-3 slide-parity-odd  av_one_fifth  real-thumbnail'><img loading=\"lazy\" decoding=\"async\" width=\"180\" height=\"180\" src=\"https:\/\/catalog.duglass.com\/wp-content\/uploads\/2020\/04\/logo_cstb_home-3-180x180.png\" class=\"attachment-square size-square\" alt=\"\" srcset=\"https:\/\/catalog.duglass.com\/wp-content\/uploads\/2020\/04\/logo_cstb_home-3.png 180w, https:\/\/catalog.duglass.com\/wp-content\/uploads\/2020\/04\/logo_cstb_home-3-80x80.png 80w, https:\/\/catalog.duglass.com\/wp-content\/uploads\/2020\/04\/logo_cstb_home-3-36x36.png 36w\" sizes=\"auto, (max-width: 180px) 100vw, 180px\" \/><\/div><div  class='slide-entry flex_column no_margin post-entry slide-entry-overview slide-loop-4 slide-parity-even  av_one_fifth  real-thumbnail'><img loading=\"lazy\" decoding=\"async\" width=\"180\" height=\"180\" src=\"https:\/\/catalog.duglass.com\/wp-content\/uploads\/2020\/04\/logo_ce_home-3-180x180.png\" class=\"attachment-square size-square\" alt=\"\" srcset=\"https:\/\/catalog.duglass.com\/wp-content\/uploads\/2020\/04\/logo_ce_home-3.png 180w, https:\/\/catalog.duglass.com\/wp-content\/uploads\/2020\/04\/logo_ce_home-3-80x80.png 80w, https:\/\/catalog.duglass.com\/wp-content\/uploads\/2020\/04\/logo_ce_home-3-36x36.png 36w\" sizes=\"auto, (max-width: 180px) 100vw, 180px\" \/><\/div><div  class='slide-entry flex_column no_margin post-entry slide-entry-overview slide-loop-5 slide-parity-odd  av_one_fifth  real-thumbnail'><img loading=\"lazy\" decoding=\"async\" width=\"180\" height=\"180\" src=\"https:\/\/catalog.duglass.com\/wp-content\/uploads\/2020\/04\/logo_cekal-3-180x180.png\" class=\"attachment-square size-square\" alt=\"\" srcset=\"https:\/\/catalog.duglass.com\/wp-content\/uploads\/2020\/04\/logo_cekal-3.png 180w, https:\/\/catalog.duglass.com\/wp-content\/uploads\/2020\/04\/logo_cekal-3-80x80.png 80w, https:\/\/catalog.duglass.com\/wp-content\/uploads\/2020\/04\/logo_cekal-3-36x36.png 36w\" sizes=\"auto, (max-width: 180px) 100vw, 180px\" \/><\/div><\/div><div class='slide-entry-wrap' ><div  class='slide-entry flex_column no_margin post-entry slide-entry-overview slide-loop-6 slide-parity-odd  av_one_fifth first real-thumbnail'><img loading=\"lazy\" decoding=\"async\" width=\"180\" height=\"180\" src=\"https:\/\/catalog.duglass.com\/wp-content\/uploads\/2020\/04\/iqnet-2-180x180.png\" class=\"attachment-square size-square\" alt=\"\" srcset=\"https:\/\/catalog.duglass.com\/wp-content\/uploads\/2020\/04\/iqnet-2.png 180w, https:\/\/catalog.duglass.com\/wp-content\/uploads\/2020\/04\/iqnet-2-80x80.png 80w, https:\/\/catalog.duglass.com\/wp-content\/uploads\/2020\/04\/iqnet-2-36x36.png 36w\" sizes=\"auto, (max-width: 180px) 100vw, 180px\" \/><\/div><div  class='slide-entry flex_column no_margin post-entry slide-entry-overview slide-loop-7 slide-parity-even  av_one_fifth  real-thumbnail'><img loading=\"lazy\" decoding=\"async\" width=\"180\" height=\"180\" src=\"https:\/\/catalog.duglass.com\/wp-content\/uploads\/2020\/04\/rsa-1-180x180.png\" class=\"attachment-square size-square\" alt=\"\" srcset=\"https:\/\/catalog.duglass.com\/wp-content\/uploads\/2020\/04\/rsa-1.png 180w, https:\/\/catalog.duglass.com\/wp-content\/uploads\/2020\/04\/rsa-1-80x80.png 80w, https:\/\/catalog.duglass.com\/wp-content\/uploads\/2020\/04\/rsa-1-36x36.png 36w\" sizes=\"auto, (max-width: 180px) 100vw, 180px\" \/><\/div><div  class='slide-entry flex_column no_margin post-entry slide-entry-overview slide-loop-8 slide-parity-odd  av_one_fifth  real-thumbnail'><img loading=\"lazy\" decoding=\"async\" width=\"180\" height=\"180\" src=\"https:\/\/catalog.duglass.com\/wp-content\/uploads\/2020\/04\/pyme_innovadora-180x180.png\" class=\"attachment-square size-square\" alt=\"\" srcset=\"https:\/\/catalog.duglass.com\/wp-content\/uploads\/2020\/04\/pyme_innovadora.png 180w, https:\/\/catalog.duglass.com\/wp-content\/uploads\/2020\/04\/pyme_innovadora-80x80.png 80w, https:\/\/catalog.duglass.com\/wp-content\/uploads\/2020\/04\/pyme_innovadora-36x36.png 36w\" sizes=\"auto, (max-width: 180px) 100vw, 180px\" \/><\/div><div  class='slide-entry flex_column no_margin post-entry slide-entry-overview slide-loop-9 slide-parity-even  av_one_fifth  real-thumbnail'><img loading=\"lazy\" decoding=\"async\" width=\"180\" height=\"180\" src=\"https:\/\/catalog.duglass.com\/wp-content\/uploads\/2020\/04\/logo_aenorhome-3-180x180.png\" class=\"attachment-square size-square\" alt=\"\" srcset=\"https:\/\/catalog.duglass.com\/wp-content\/uploads\/2020\/04\/logo_aenorhome-3.png 180w, https:\/\/catalog.duglass.com\/wp-content\/uploads\/2020\/04\/logo_aenorhome-3-80x80.png 80w, https:\/\/catalog.duglass.com\/wp-content\/uploads\/2020\/04\/logo_aenorhome-3-36x36.png 36w\" sizes=\"auto, (max-width: 180px) 100vw, 180px\" \/><\/div><div  class='slide-entry flex_column no_margin post-entry slide-entry-overview slide-loop-10 slide-parity-odd  post-entry-last  av_one_fifth  real-thumbnail'><img loading=\"lazy\" decoding=\"async\" width=\"180\" height=\"180\" src=\"https:\/\/catalog.duglass.com\/wp-content\/uploads\/2020\/04\/sentry_glass_home-3-180x180.png\" class=\"attachment-square size-square\" alt=\"\" srcset=\"https:\/\/catalog.duglass.com\/wp-content\/uploads\/2020\/04\/sentry_glass_home-3.png 180w, https:\/\/catalog.duglass.com\/wp-content\/uploads\/2020\/04\/sentry_glass_home-3-80x80.png 80w, https:\/\/catalog.duglass.com\/wp-content\/uploads\/2020\/04\/sentry_glass_home-3-36x36.png 36w\" sizes=\"auto, (max-width: 180px) 100vw, 180px\" \/><\/div><\/div><\/div><\/div><\/p><\/div>\n<\/p>\n","protected":false},"excerpt":{"rendered":"","protected":false},"author":1,"featured_media":0,"parent":7295,"menu_order":0,"comment_status":"closed","ping_status":"closed","template":"","meta":{"footnotes":""},"class_list":["post-7296","page","type-page","status-publish","hentry"],"_links":{"self":[{"href":"https:\/\/catalog.duglass.com\/fr\/wp-json\/wp\/v2\/pages\/7296","targetHints":{"allow":["GET"]}}],"collection":[{"href":"https:\/\/catalog.duglass.com\/fr\/wp-json\/wp\/v2\/pages"}],"about":[{"href":"https:\/\/catalog.duglass.com\/fr\/wp-json\/wp\/v2\/types\/page"}],"author":[{"embeddable":true,"href":"https:\/\/catalog.duglass.com\/fr\/wp-json\/wp\/v2\/users\/1"}],"replies":[{"embeddable":true,"href":"https:\/\/catalog.duglass.com\/fr\/wp-json\/wp\/v2\/comments?post=7296"}],"version-history":[{"count":5,"href":"https:\/\/catalog.duglass.com\/fr\/wp-json\/wp\/v2\/pages\/7296\/revisions"}],"predecessor-version":[{"id":9508,"href":"https:\/\/catalog.duglass.com\/fr\/wp-json\/wp\/v2\/pages\/7296\/revisions\/9508"}],"up":[{"embeddable":true,"href":"https:\/\/catalog.duglass.com\/fr\/wp-json\/wp\/v2\/pages\/7295"}],"wp:attachment":[{"href":"https:\/\/catalog.duglass.com\/fr\/wp-json\/wp\/v2\/media?parent=7296"}],"curies":[{"name":"wp","href":"https:\/\/api.w.org\/{rel}","templated":true}]}}