{"id":6801,"date":"2020-06-12T08:25:23","date_gmt":"2020-06-12T08:25:23","guid":{"rendered":"https:\/\/catalog.duglass.com\/contact\/"},"modified":"2020-07-02T10:29:56","modified_gmt":"2020-07-02T08:29:56","slug":"contact","status":"publish","type":"page","link":"https:\/\/catalog.duglass.com\/fr\/contact\/","title":{"rendered":"Contact"},"content":{"rendered":"<div id='av_section_1'  class='avia-section av-k84e7sh4-c1357c30c185207b54533018e3e6a0b6 main_color avia-section-default avia-no-border-styling  avia-builder-el-0  el_before_av_google_map  avia-builder-el-first  avia-bg-style-scroll av-minimum-height av-minimum-height-custom av-height-custom  container_wrap fullsize'   data-av_minimum_height_px='600'><div class='container av-section-cont-open' style='height:600px'><main  role=\"main\" itemprop=\"mainContentOfPage\"  class='template-page content  av-content-full alpha units'><div class='post-entry post-entry-type-page post-entry-6801'><div class='entry-content-wrapper clearfix'>\n\n<style type=\"text\/css\" data-created_by=\"avia_inline_auto\" id=\"style-css-av-7fnaz-42cf52664fac08edc71c1091fd193d04\">\n#top .av-special-heading.av-7fnaz-42cf52664fac08edc71c1091fd193d04{\npadding-bottom:10px;\n}\nbody .av-special-heading.av-7fnaz-42cf52664fac08edc71c1091fd193d04 .av-special-heading-tag .heading-char{\nfont-size:25px;\n}\n.av-special-heading.av-7fnaz-42cf52664fac08edc71c1091fd193d04 .av-subheading{\nfont-size:15px;\n}\n<\/style>\n<div  class='av-special-heading av-7fnaz-42cf52664fac08edc71c1091fd193d04 av-special-heading-h1 blockquote modern-quote  avia-builder-el-1  avia-builder-el-no-sibling  h1-category'><h1 class='av-special-heading-tag '  itemprop=\"headline\"  >Contactez-nous<\/h1><div class=\"special-heading-border\"><div class=\"special-heading-inner-border\"><\/div><\/div><\/div>\n\n<div  class='av_gmaps_sc_main_wrap av_gmaps_main_wrap '><div id='av_gmap_0' class='avia-google-map-container avia-google-map-sc av_gmaps_show_unconditionally av-no-fallback-img ' data-mapid='av_gmap_0'  style='padding-bottom: 56.25%;'><a class=\"av_gmaps_browser_disabled av_text_confirm_link av_text_confirm_link_visible\" href=\"https:\/\/www.google.com\/maps\/search\/?api=1&#038;query=Pol.%20Ind.%20Royales%20Bajos%20s\/n%2050171%20Puebla%20de%20Alfind\u00e9n%20Zaragoza%20Espagne\" target=\"_blank\">Les cartes ont \u00e9t\u00e9 d\u00e9sactiv\u00e9es par le visiteur sur ce site. Cliquer pour ouvrir la carte dans une nouvelle fen\u00eatre.<\/a><\/div><\/div>\n<div id='av_section_2'  class='avia-section av-1t422r-7cb2ab2b831004a829dae442989576df main_color avia-section-default avia-no-border-styling  avia-builder-el-3  el_after_av_google_map  el_before_av_section  avia-bg-style-scroll container_wrap fullsize'  ><div class='container av-section-cont-open' ><div class='template-page content  av-content-full alpha units'><div class='post-entry post-entry-type-page post-entry-6801'><div class='entry-content-wrapper clearfix'>\n\n<style type=\"text\/css\" data-created_by=\"avia_inline_auto\" id=\"style-css-av-k8pqx8zp-f1c1458c13d144073f6f4785c4f197ad\">\n.flex_column.av-k8pqx8zp-f1c1458c13d144073f6f4785c4f197ad{\nborder-radius:0px 0px 0px 0px;\npadding:0px 0px 0px 0px;\n}\n<\/style>\n<div  class='flex_column av-k8pqx8zp-f1c1458c13d144073f6f4785c4f197ad av_one_full  avia-builder-el-4  avia-builder-el-no-sibling  first flex_column_div av-animated-generic fade-in av-zero-column-padding  '     ><style type=\"text\/css\" data-created_by=\"avia_inline_auto\" id=\"style-css-av-k9mttqq0-2a68178b6117882df949be2a2b54942e\">\n#top .av-special-heading.av-k9mttqq0-2a68178b6117882df949be2a2b54942e{\npadding-bottom:10px;\n}\nbody .av-special-heading.av-k9mttqq0-2a68178b6117882df949be2a2b54942e .av-special-heading-tag .heading-char{\nfont-size:25px;\n}\n.av-special-heading.av-k9mttqq0-2a68178b6117882df949be2a2b54942e .av-subheading{\nfont-size:15px;\n}\n<\/style>\n<div  class='av-special-heading av-k9mttqq0-2a68178b6117882df949be2a2b54942e av-special-heading-h2 blockquote modern-quote modern-centered  avia-builder-el-5  avia-builder-el-no-sibling '><h2 class='av-special-heading-tag '  itemprop=\"headline\"  >Appelez-nous ou \u00e9crivez-nous<\/h2><div class=\"special-heading-border\"><div class=\"special-heading-inner-border\"><\/div><\/div><\/div><\/div>\n\n<\/div><\/div><\/main><!-- close content main element --><\/div><\/div><div id='av_section_3'  class='avia-section av-1t422r-393ac3817a9aa41f4a72b43009631bf5 main_color avia-section-small avia-no-border-styling  avia-builder-el-6  el_after_av_section  el_before_av_section  contact-infos avia-bg-style-scroll container_wrap fullsize'  ><div class='container av-section-cont-open' ><div class='template-page content  av-content-full alpha units'><div class='post-entry post-entry-type-page post-entry-6801'><div class='entry-content-wrapper clearfix'>\n<div class='flex_column_table av-5ocr7-0e313f0350fa8231e98a0c66e2b2c8f1 sc-av_one_third av-equal-height-column-flextable'>\n<style type=\"text\/css\" data-created_by=\"avia_inline_auto\" id=\"style-css-av-5ocr7-0e313f0350fa8231e98a0c66e2b2c8f1\">\n.flex_column.av-5ocr7-0e313f0350fa8231e98a0c66e2b2c8f1{\nborder-radius:0px 0px 0px 0px;\npadding:0px 0px 0px 0px;\n}\n<\/style>\n<div  class='flex_column av-5ocr7-0e313f0350fa8231e98a0c66e2b2c8f1 av_one_third  avia-builder-el-7  el_before_av_one_third  avia-builder-el-first  first no_margin flex_column_table_cell av-equal-height-column av-align-middle av-animated-generic fade-in av-zero-column-padding  '     ><article  class='iconbox iconbox_top av-k8pro7pr-83df351ccc1de0c338d1038f65cfa32b av-no-box  avia-builder-el-8  avia-builder-el-no-sibling '  itemscope=\"itemscope\" itemtype=\"https:\/\/schema.org\/CreativeWork\" ><div class=\"iconbox_content\"><header class=\"entry-content-header\" aria-label=\"Ic\u00f4ne : tecnico@duglass.com\"><div class='iconbox_icon heading-color avia-iconfont avia-font-entypo-fontello' data-av_icon='\ue805' data-av_iconfont='entypo-fontello'  ><\/div><h3 class='iconbox_content_title heading-icon'  itemprop=\"headline\" >tecnico@duglass.com<\/h3><\/header><div class='iconbox_content_container '  itemprop=\"text\" ><\/div><\/div><footer class=\"entry-footer\"><\/footer><\/article><\/div>\n<style type=\"text\/css\" data-created_by=\"avia_inline_auto\" id=\"style-css-av-1b9nj7-d893ba9b58b5085ec3e926c2df35ee2a\">\n.flex_column.av-1b9nj7-d893ba9b58b5085ec3e926c2df35ee2a{\nborder-radius:0px 0px 0px 0px;\npadding:0px 0px 0px 0px;\n}\n<\/style>\n<div  class='flex_column av-1b9nj7-d893ba9b58b5085ec3e926c2df35ee2a av_one_third  avia-builder-el-9  el_after_av_one_third  el_before_av_one_third  no_margin flex_column_table_cell av-equal-height-column av-align-middle av-animated-generic fade-in av-zero-column-padding  '     ><article  class='iconbox iconbox_top av-k8r1a8ud-6176c52bbe990050581669b280eaf6cc av-no-box  avia-builder-el-10  avia-builder-el-no-sibling '  itemscope=\"itemscope\" itemtype=\"https:\/\/schema.org\/CreativeWork\" ><div class=\"iconbox_content\"><header class=\"entry-content-header\" aria-label=\"Ic\u00f4ne :   +34 976 108 008\"><div class='iconbox_icon heading-color avia-iconfont avia-font-entypo-fontello' data-av_icon='' data-av_iconfont='entypo-fontello'  ><\/div><h3 class='iconbox_content_title heading-icon'  itemprop=\"headline\" >  +34 976 108 008<\/h3><\/header><div class='iconbox_content_container '  itemprop=\"text\" ><\/div><\/div><footer class=\"entry-footer\"><\/footer><\/article><\/div>\n<style type=\"text\/css\" data-created_by=\"avia_inline_auto\" id=\"style-css-av-ur0wb-80c07e7b5cd5e20179bfdb945467c908\">\n.flex_column.av-ur0wb-80c07e7b5cd5e20179bfdb945467c908{\nborder-radius:0px 0px 0px 0px;\npadding:0px 0px 0px 0px;\n}\n<\/style>\n<div  class='flex_column av-ur0wb-80c07e7b5cd5e20179bfdb945467c908 av_one_third  avia-builder-el-11  el_after_av_one_third  avia-builder-el-last  no_margin flex_column_table_cell av-equal-height-column av-align-middle av-animated-generic fade-in av-zero-column-padding  '     ><article  class='iconbox iconbox_top av-k8r1au7o-5a8db9efd927fe2455d3f51f44c9b338 av-no-box  avia-builder-el-12  avia-builder-el-no-sibling '  itemscope=\"itemscope\" itemtype=\"https:\/\/schema.org\/CreativeWork\" ><div class=\"iconbox_content\"><header class=\"entry-content-header\" aria-label=\"Ic\u00f4ne : L\/M - V\/F: 9h - 17h\"><div class='iconbox_icon heading-color avia-iconfont avia-font-entypo-fontello' data-av_icon='\ue862' data-av_iconfont='entypo-fontello'  ><\/div><h3 class='iconbox_content_title heading-icon'  itemprop=\"headline\" >L\/M - V\/F: 9h - 17h<\/h3><\/header><div class='iconbox_content_container '  itemprop=\"text\" ><\/div><\/div><footer class=\"entry-footer\"><\/footer><\/article><\/div><\/div><!--close column table wrapper. Autoclose: 1 --><\/div><\/div><\/div><!-- close content main div --><\/div><\/div>\n<style type=\"text\/css\" data-created_by=\"avia_inline_auto\" id=\"style-css-av-1t422r-fbac455a881946fa11f2f28e8acd33f4\">\n.avia-section.av-1t422r-fbac455a881946fa11f2f28e8acd33f4{\nmargin-top:0px;\nmargin-bottom:40px;\n}\n<\/style>\n<div id='av_section_4'  class='avia-section av-1t422r-fbac455a881946fa11f2f28e8acd33f4 main_color avia-section-small avia-no-border-styling  avia-builder-el-13  el_after_av_section  avia-builder-el-last  avia-bg-style-scroll container_wrap fullsize'  ><div class='container av-section-cont-open' ><div class='template-page content  av-content-full alpha units'><div class='post-entry post-entry-type-page post-entry-6801'><div class='entry-content-wrapper clearfix'>\n<div class='flex_column_table av-fltkz-dcf1f38cab2366a130cbc1ea4ec04336 sc-av_two_fifth av-equal-height-column-flextable'>\n<style type=\"text\/css\" data-created_by=\"avia_inline_auto\" id=\"style-css-av-fltkz-dcf1f38cab2366a130cbc1ea4ec04336\">\n.flex_column.av-fltkz-dcf1f38cab2366a130cbc1ea4ec04336{\nborder-radius:0px 0px 0px 0px;\npadding:0px 0px 0px 0px;\n}\n<\/style>\n<div  class='flex_column av-fltkz-dcf1f38cab2366a130cbc1ea4ec04336 av_two_fifth  avia-builder-el-14  el_before_av_one_fifth  avia-builder-el-first  first flex_column_table_cell av-equal-height-column av-align-top av-animated-generic fade-in av-zero-column-padding  '     ><section  class='av_textblock_section av-k84ejt19-3c275b76e657e56c5cbb757bab09ebf3 '   itemscope=\"itemscope\" itemtype=\"https:\/\/schema.org\/CreativeWork\" ><div class='avia_textblock contact-heading'  itemprop=\"text\" ><h4 style=\"text-align: right;\">Saragosse, HQ<\/h4>\n<p style=\"text-align: right;\">Pol. Ind. Royales Bajos S\/N\u00a0<br class=\"avia-permanent-lb\" \/>50171, La Puebla de Alfind\u00e9n <br class=\"avia-permanent-lb\" \/>Saragosse<\/p>\n<\/div><\/section><\/div><div class='av-flex-placeholder'><\/div>\n<style type=\"text\/css\" data-created_by=\"avia_inline_auto\" id=\"style-css-av-fltkz-a9a21890ef4b398dbaa3797eac8abf65\">\n.flex_column.av-fltkz-a9a21890ef4b398dbaa3797eac8abf65{\nborder-radius:0px 0px 0px 0px;\npadding:0px 0px 0px 0px;\n}\n<\/style>\n<div  class='flex_column av-fltkz-a9a21890ef4b398dbaa3797eac8abf65 av_one_fifth  avia-builder-el-16  el_after_av_two_fifth  el_before_av_two_fifth  flex_column_table_cell av-equal-height-column av-align-top av-animated-generic fade-in av-zero-column-padding  '     ><\/div><div class='av-flex-placeholder'><\/div>\n<style type=\"text\/css\" data-created_by=\"avia_inline_auto\" id=\"style-css-av-fltkz-0c9acdc2664de3eae9619b2ad9e1331e\">\n.flex_column.av-fltkz-0c9acdc2664de3eae9619b2ad9e1331e{\nborder-radius:0px 0px 0px 0px;\npadding:0px 0px 0px 0px;\n}\n<\/style>\n<div  class='flex_column av-fltkz-0c9acdc2664de3eae9619b2ad9e1331e av_two_fifth  avia-builder-el-17  el_after_av_one_fifth  avia-builder-el-last  contact-heading flex_column_table_cell av-equal-height-column av-align-top av-animated-generic fade-in av-zero-column-padding  '     ><style type=\"text\/css\" data-created_by=\"avia_inline_auto\" id=\"style-css-av-k84ehw0x-f39b6eac8d04a3374ba977df464c600f\">\n#top .av_textblock_section.av-k84ehw0x-f39b6eac8d04a3374ba977df464c600f .avia_textblock{\nfont-size:16px;\n}\n<\/style>\n<section  class='av_textblock_section av-k84ehw0x-f39b6eac8d04a3374ba977df464c600f '   itemscope=\"itemscope\" itemtype=\"https:\/\/schema.org\/CreativeWork\" ><div class='avia_textblock contact-heading'  itemprop=\"text\" ><h4>D\u00e9l\u00e9gations<\/h4>\n<ul>\n<li>Londres<\/li>\n<li>Paris<\/li>\n<li>EUA<\/li>\n<li>Mexique<\/li>\n<\/ul>\n<\/div><\/section><\/div><\/div><!--close column table wrapper. Autoclose: 1 -->\n<\/p>\n","protected":false},"excerpt":{"rendered":"","protected":false},"author":1,"featured_media":0,"parent":0,"menu_order":0,"comment_status":"closed","ping_status":"closed","template":"","meta":{"footnotes":""},"class_list":["post-6801","page","type-page","status-publish","hentry"],"_links":{"self":[{"href":"https:\/\/catalog.duglass.com\/fr\/wp-json\/wp\/v2\/pages\/6801","targetHints":{"allow":["GET"]}}],"collection":[{"href":"https:\/\/catalog.duglass.com\/fr\/wp-json\/wp\/v2\/pages"}],"about":[{"href":"https:\/\/catalog.duglass.com\/fr\/wp-json\/wp\/v2\/types\/page"}],"author":[{"embeddable":true,"href":"https:\/\/catalog.duglass.com\/fr\/wp-json\/wp\/v2\/users\/1"}],"replies":[{"embeddable":true,"href":"https:\/\/catalog.duglass.com\/fr\/wp-json\/wp\/v2\/comments?post=6801"}],"version-history":[{"count":2,"href":"https:\/\/catalog.duglass.com\/fr\/wp-json\/wp\/v2\/pages\/6801\/revisions"}],"predecessor-version":[{"id":7339,"href":"https:\/\/catalog.duglass.com\/fr\/wp-json\/wp\/v2\/pages\/6801\/revisions\/7339"}],"wp:attachment":[{"href":"https:\/\/catalog.duglass.com\/fr\/wp-json\/wp\/v2\/media?parent=6801"}],"curies":[{"name":"wp","href":"https:\/\/api.w.org\/{rel}","templated":true}]}}